{"id":84,"date":"2012-01-01T00:00:29","date_gmt":"2011-12-31T23:00:29","guid":{"rendered":"http:\/\/bfhv.bplaced.net\/wordpress\/?page_id=2"},"modified":"2026-01-22T19:28:27","modified_gmt":"2026-01-22T18:28:27","slug":"beispiel-seite-2","status":"publish","type":"page","link":"https:\/\/www.bierfassheberverein.de\/wordpress\/?page_id=84","title":{"rendered":"\u00dcber uns"},"content":{"rendered":"<h3><em><strong><span style=\"text-decoration: underline;\">Wer wir sind<\/span><\/strong><\/em><\/h3>\n<p style=\"padding-left: 30px;\">Der Gothaer Bierfassheberverein e.V. ist ein langj\u00e4hriger Kraftsportverein. Wir nehmen regelm\u00e4\u00dfig an nationalen wie auch internationalen Wettk\u00e4mpfen teil. Unser Vereinsname entstand durch ein Idee vom Steinheben. Wir heben halt ein Bierfass hoch, was wie beim Steinheben an einer Kette h\u00e4ngt.<\/p>\n<p>&nbsp;<\/p>\n<h3><em><strong><span style=\"text-decoration: underline;\">Unsere Vereinschronik<\/span><\/strong><\/em><\/h3>\n<ul>\n<li>Gegr\u00fcndet wurde der Gothaer Bierfassheberverein e.V. am 18. August 1994 mit 45 Mitgliedern<\/li>\n<li>Januar 1995 &#8211; der Gothaer BFHV \u00f6ffnet sich f\u00fcr Nicht-Aktive, Frauen und Jugendliche<\/li>\n<li>Zweck des Vereins: F\u00f6rderung der klassischen Kraftsportdisziplinen Kniebeuge, Bankdr\u00fccken und Kreuzheben&nbsp;und nat\u00fcrlich der damit verbundenen k\u00f6rperlichen Ert\u00fcchtigung<\/li>\n<li>die sportlichen Angebote umfassen den Leistungs- Fitness- und&nbsp;Behindertensport<\/li>\n<li>am 03. September 1994 &#8211; 1. Bierfassheben<\/li>\n<li>04. Oktober 1996 wurde der Verein in das Vereinsregister eingetragen<\/li>\n<li>am 23. November 1996 erschien ein Titelseiten-Artikel in der Bildzeitung \u00fcber den Gothaer BFHV<\/li>\n<li>die Aufnahme des Gothaer Bierfasshebervereins in den Landessportbund fand am 09. Oktober 1997 statt<\/li>\n<li>j\u00e4hrlicher H\u00f6hepunkt ist das nun bereits internationale &#8222;Bierfassheben&#8220; f\u00fcr Volkssportler und aktive Kraftsportler, als sportlicher und kultureller H\u00f6hepunkt in der Stadt Gotha<\/li>\n<li>im Mai des Jahres 1998 sind wir in die Sporthalle am Brahmsweg umgezogen, diese Halle haben wir von der Stadt Gotha&nbsp;gemietet<\/li>\n<li>unsere Sportst\u00e4tte, unsere Vereinsgastst\u00e4tte Geimeinschaftshaus Goldbacher Siedlung sind behindertenfreundlich gebaut wurden<\/li>\n<li>1999 richtete der BFHV in der \u00e4ltesten Sporthalle von Th\u00fcringen&nbsp;den ersten Wettkampf der Landesliga im Bankdr\u00fccken der Mannschaften aus<\/li>\n<li>unsere Mitglieder nehmen an Wettk\u00e4mpfen auf Landes- und Bundesebene, als auch an Europa- und Weltmeisterschaften sowie den Paralympics erfolgreich&nbsp;teil<\/li>\n<li>am 29. Juli 2006 hat das vorerst letzte&nbsp;Bierfassheben stattgefunden<\/li>\n<li>der 28. M\u00e4rz 2009 war f\u00fcr den Verein ein sehr trauriger Tag<\/li>\n<li>Unser Pr\u00e4sident Fred Riede ist leider viel zu fr\u00fch verstorben.<a href=\"https:\/\/www.bierfassheberverein.de\/wordpress\/wp-content\/uploads\/2012\/01\/Nachruf-F-Riede.jpg\" rel=\"lightbox-0\"><img loading=\"lazy\" decoding=\"async\" class=\"alignright wp-image-1103\" title=\"Nachruf F Riede\" src=\"https:\/\/www.bierfassheberverein.de\/wordpress\/wp-content\/uploads\/2012\/01\/Nachruf-F-Riede-218x300.jpg\" alt=\"\" width=\"79\" height=\"108\" srcset=\"https:\/\/www.bierfassheberverein.de\/wordpress\/wp-content\/uploads\/2012\/01\/Nachruf-F-Riede-218x300.jpg 218w, https:\/\/www.bierfassheberverein.de\/wordpress\/wp-content\/uploads\/2012\/01\/Nachruf-F-Riede-581x800.jpg 581w, https:\/\/www.bierfassheberverein.de\/wordpress\/wp-content\/uploads\/2012\/01\/Nachruf-F-Riede.jpg 1024w\" sizes=\"auto, (max-width: 79px) 100vw, 79px\" \/><\/a><\/li>\n<li>ende 2009 wurde der neue Vorstand gew\u00e4hlt.<\/li>\n<\/ul>\n<p>&nbsp;<\/p>\n<h3><em><strong><span style=\"text-decoration: underline;\">Unsere Sportst\u00e4tte<\/span><\/strong><\/em><\/h3>\n<p style=\"padding-left: 30px;\">Seit Mai 1998 befindet sich unsere Sportst\u00e4tte in der Sporthalle am Brahmsweg.Im laufe der letzten 12 Jahren wurde unsere Sporthalle von Grund auf saniert. Dies erfolgte durch den Verein selber. Nur mit Hilfe der Mitglieder und Sponsoren, konnte das Objekt erneuert werden.Wir sind auf einem guten Weg noch bessere Trainingsbedingungen zu schaffen und weiter die Sporthalle selbst\u00e4ndig zu modernisieren.<\/p>\n<table class=\" aligncenter\" style=\"width: 600px; height: 300px;\" border=\"0\">\n<tbody>\n<tr>\n<td>Unsere Halle zum Einzug<\/td>\n<td>Unsere Halle Heute<\/td>\n<\/tr>\n<tr>\n<td><a title=\"Unsere Halle zum Einzug\" href=\"https:\/\/www.bierfassheberverein.de\/wordpress\/?page_id=1093\"><img loading=\"lazy\" decoding=\"async\" class=\"alignleft wp-image-1048\" title=\"anfang_98_03\" src=\"https:\/\/www.bierfassheberverein.de\/wordpress\/wp-content\/uploads\/2012\/01\/anfang_98_01-300x208.jpg\" alt=\"\" width=\"244\" height=\"169\" srcset=\"https:\/\/www.bierfassheberverein.de\/wordpress\/wp-content\/uploads\/2012\/01\/anfang_98_01-300x208.jpg 300w, https:\/\/www.bierfassheberverein.de\/wordpress\/wp-content\/uploads\/2012\/01\/anfang_98_01.jpg 800w\" sizes=\"auto, (max-width: 244px) 100vw, 244px\" \/><\/a><\/td>\n<td><a title=\"Unsere Halle Heute\" href=\"https:\/\/www.bierfassheberverein.de\/wordpress\/?page_id=32423\"><img loading=\"lazy\" decoding=\"async\" class=\"alignright wp-image-68459 size-medium\" title=\"sporthalle_bfh_2012_016\" src=\"https:\/\/www.bierfassheberverein.de\/wordpress\/wp-content\/uploads\/2026\/01\/Sporthalle_BFHV_2026_024-300x169.jpg\" alt=\"\" width=\"300\" height=\"169\" srcset=\"https:\/\/www.bierfassheberverein.de\/wordpress\/wp-content\/uploads\/2026\/01\/Sporthalle_BFHV_2026_024-300x169.jpg 300w, https:\/\/www.bierfassheberverein.de\/wordpress\/wp-content\/uploads\/2026\/01\/Sporthalle_BFHV_2026_024-800x450.jpg 800w, https:\/\/www.bierfassheberverein.de\/wordpress\/wp-content\/uploads\/2026\/01\/Sporthalle_BFHV_2026_024-768x432.jpg 768w, https:\/\/www.bierfassheberverein.de\/wordpress\/wp-content\/uploads\/2026\/01\/Sporthalle_BFHV_2026_024-1536x865.jpg 1536w, https:\/\/www.bierfassheberverein.de\/wordpress\/wp-content\/uploads\/2026\/01\/Sporthalle_BFHV_2026_024-2048x1153.jpg 2048w\" sizes=\"auto, (max-width: 300px) 100vw, 300px\" \/><\/a><\/td>\n<\/tr>\n<\/tbody>\n<\/table>\n<p>&nbsp;<\/p>\n<p style=\"text-align: left;\">&nbsp;<\/p>\n","protected":false},"excerpt":{"rendered":"<p>Wer wir sind Der Gothaer Bierfassheberverein e.V. ist ein langj\u00e4hriger Kraftsportverein. Wir nehmen regelm\u00e4\u00dfig an nationalen wie auch internationalen Wettk\u00e4mpfen teil. Unser Vereinsname entstand durch ein Idee vom Steinheben. Wir heben halt ein Bierfass hoch, was wie beim Steinheben an einer Kette h\u00e4ngt. &nbsp; Unsere Vereinschronik Gegr\u00fcndet wurde der Gothaer Bierfassheberverein e.V. am 18. August &hellip; <\/p>\n<p class=\"link-more\"><a href=\"https:\/\/www.bierfassheberverein.de\/wordpress\/?page_id=84\" class=\"more-link\"><span class=\"screen-reader-text\">\u201e\u00dcber uns\u201c <\/span>weiterlesen<\/a><\/p>\n","protected":false},"author":1,"featured_media":0,"parent":0,"menu_order":1,"comment_status":"closed","ping_status":"closed","template":"template-full-width.php","meta":{"ngg_post_thumbnail":0,"footnotes":""},"class_list":["post-84","page","type-page","status-publish","hentry"],"_links":{"self":[{"href":"https:\/\/www.bierfassheberverein.de\/wordpress\/index.php?rest_route=\/wp\/v2\/pages\/84","targetHints":{"allow":["GET"]}}],"collection":[{"href":"https:\/\/www.bierfassheberverein.de\/wordpress\/index.php?rest_route=\/wp\/v2\/pages"}],"about":[{"href":"https:\/\/www.bierfassheberverein.de\/wordpress\/index.php?rest_route=\/wp\/v2\/types\/page"}],"author":[{"embeddable":true,"href":"https:\/\/www.bierfassheberverein.de\/wordpress\/index.php?rest_route=\/wp\/v2\/users\/1"}],"replies":[{"embeddable":true,"href":"https:\/\/www.bierfassheberverein.de\/wordpress\/index.php?rest_route=%2Fwp%2Fv2%2Fcomments&post=84"}],"version-history":[{"count":28,"href":"https:\/\/www.bierfassheberverein.de\/wordpress\/index.php?rest_route=\/wp\/v2\/pages\/84\/revisions"}],"predecessor-version":[{"id":68461,"href":"https:\/\/www.bierfassheberverein.de\/wordpress\/index.php?rest_route=\/wp\/v2\/pages\/84\/revisions\/68461"}],"wp:attachment":[{"href":"https:\/\/www.bierfassheberverein.de\/wordpress\/index.php?rest_route=%2Fwp%2Fv2%2Fmedia&parent=84"}],"curies":[{"name":"wp","href":"https:\/\/api.w.org\/{rel}","templated":true}]}}